{"id":3580,"date":"2019-01-16T14:22:23","date_gmt":"2019-01-16T14:22:23","guid":{"rendered":"https:\/\/felinocars.com\/cb7\/"},"modified":"2020-08-11T18:37:41","modified_gmt":"2020-08-11T18:37:41","slug":"cb7-p","status":"publish","type":"page","link":"https:\/\/felinocars.com\/fr\/modeles\/cb7-p\/","title":{"rendered":"cB7+"},"content":{"rendered":"\t\t<div data-elementor-type=\"wp-post\" data-elementor-id=\"3580\" class=\"elementor elementor-3580 elementor-3373\" data-elementor-post-type=\"page\">\n\t\t\t\t\t\t\t\t\t<section class=\"elementor-section elementor-top-section elementor-element elementor-element-994d6a2 elementor-section-height-min-height elementor-section-boxed elementor-section-height-default elementor-section-items-middle\" data-id=\"994d6a2\" data-element_type=\"section\" data-settings=\"{&quot;background_background&quot;:&quot;classic&quot;}\">\n\t\t\t\t\t\t<div class=\"elementor-container elementor-column-gap-default\">\n\t\t\t\t\t<div class=\"elementor-column elementor-col-100 elementor-top-column elementor-element elementor-element-6c4957c\" data-id=\"6c4957c\" data-element_type=\"column\">\n\t\t\t<div class=\"elementor-widget-wrap elementor-element-populated\">\n\t\t\t\t\t\t\t\t<div class=\"elementor-element elementor-element-0ef740b elementor-invisible elementor-widget elementor-widget-image\" data-id=\"0ef740b\" data-element_type=\"widget\" data-settings=\"{&quot;_animation&quot;:&quot;slideInRight&quot;}\" data-widget_type=\"image.default\">\n\t\t\t\t<div class=\"elementor-widget-container\">\n\t\t\t\t\t\t\t\t\t\t\t\t\t\t\t<img loading=\"lazy\" decoding=\"async\" width=\"916\" height=\"374\" src=\"https:\/\/felinocars.com\/wp-content\/uploads\/2020\/02\/thumbnail_cB7R-2020-Back-1.png\" class=\"attachment-large size-large wp-image-4120\" alt=\"\" srcset=\"https:\/\/felinocars.com\/wp-content\/uploads\/2020\/02\/thumbnail_cB7R-2020-Back-1.png 916w, https:\/\/felinocars.com\/wp-content\/uploads\/2020\/02\/thumbnail_cB7R-2020-Back-1-300x122.png 300w, https:\/\/felinocars.com\/wp-content\/uploads\/2020\/02\/thumbnail_cB7R-2020-Back-1-768x314.png 768w\" sizes=\"(max-width: 916px) 100vw, 916px\" \/>\t\t\t\t\t\t\t\t\t\t\t\t\t\t\t<\/div>\n\t\t\t\t<\/div>\n\t\t\t\t\t<\/div>\n\t\t<\/div>\n\t\t\t\t\t\t\t<\/div>\n\t\t<\/section>\n\t\t\t\t<section class=\"elementor-section elementor-top-section elementor-element elementor-element-11ef1064 parallax elementor-section-full_width elementor-reverse-mobile elementor-section-height-default elementor-section-height-default\" data-id=\"11ef1064\" data-element_type=\"section\" data-settings=\"{&quot;background_background&quot;:&quot;classic&quot;}\">\n\t\t\t\t\t\t\t<div class=\"elementor-background-overlay\"><\/div>\n\t\t\t\t\t\t\t<div class=\"elementor-container elementor-column-gap-no\">\n\t\t\t\t\t<div class=\"elementor-column elementor-col-50 elementor-top-column elementor-element elementor-element-539ca5c4\" data-id=\"539ca5c4\" data-element_type=\"column\">\n\t\t\t<div class=\"elementor-widget-wrap elementor-element-populated\">\n\t\t\t\t\t\t\t\t<div class=\"elementor-element elementor-element-3fa3a5de elementor-invisible elementor-widget elementor-widget-image\" data-id=\"3fa3a5de\" data-element_type=\"widget\" data-settings=\"{&quot;_animation&quot;:&quot;fadeInLeft&quot;}\" data-widget_type=\"image.default\">\n\t\t\t\t<div class=\"elementor-widget-container\">\n\t\t\t\t\t\t\t\t\t\t\t\t\t\t\t<img loading=\"lazy\" decoding=\"async\" width=\"906\" height=\"444\" src=\"https:\/\/felinocars.com\/wp-content\/uploads\/2020\/02\/thumbnail_cB7R-2020-Front-1.png\" class=\"attachment-large size-large wp-image-4123\" alt=\"\" srcset=\"https:\/\/felinocars.com\/wp-content\/uploads\/2020\/02\/thumbnail_cB7R-2020-Front-1.png 906w, https:\/\/felinocars.com\/wp-content\/uploads\/2020\/02\/thumbnail_cB7R-2020-Front-1-300x147.png 300w, https:\/\/felinocars.com\/wp-content\/uploads\/2020\/02\/thumbnail_cB7R-2020-Front-1-768x376.png 768w\" sizes=\"(max-width: 906px) 100vw, 906px\" \/>\t\t\t\t\t\t\t\t\t\t\t\t\t\t\t<\/div>\n\t\t\t\t<\/div>\n\t\t\t\t\t<\/div>\n\t\t<\/div>\n\t\t\t\t<div class=\"elementor-column elementor-col-50 elementor-top-column elementor-element elementor-element-40918209\" data-id=\"40918209\" data-element_type=\"column\" data-settings=\"{&quot;background_background&quot;:&quot;classic&quot;}\">\n\t\t\t<div class=\"elementor-widget-wrap elementor-element-populated\">\n\t\t\t\t\t<div class=\"elementor-background-overlay\"><\/div>\n\t\t\t\t\t\t\t\t<div class=\"elementor-element elementor-element-4bc697b animated-slow elementor-invisible elementor-widget elementor-widget-text-editor\" data-id=\"4bc697b\" data-element_type=\"widget\" data-settings=\"{&quot;_animation&quot;:&quot;fadeIn&quot;}\" data-widget_type=\"text-editor.default\">\n\t\t\t\t<div class=\"elementor-widget-container\">\n\t\t\t\t\t\t\t<p><span lang=\"EN-US\">cB7<\/span><sup><span lang=\"EN-US\">+<\/span><\/sup><span lang=\"EN-US\">\u00a0<\/span><\/p>\n\t\t\t\t\t\t<\/div>\n\t\t\t\t<\/div>\n\t\t\t\t<div class=\"elementor-element elementor-element-67af56ae animated-slow elementor-invisible elementor-widget elementor-widget-text-editor\" data-id=\"67af56ae\" data-element_type=\"widget\" data-settings=\"{&quot;_animation&quot;:&quot;fadeIn&quot;}\" data-widget_type=\"text-editor.default\">\n\t\t\t\t<div class=\"elementor-widget-container\">\n\t\t\t\t\t\t\t<p>La <span lang=\"EN-US\">cB7<\/span><sup><span lang=\"EN-US\">+<\/span><\/sup> est la FELINO la plus avanc\u00e9e \u00e0 ce jour. Arm\u00e9e d\u2019un ensemble a\u00e9rodynamique de pointe, la <span lang=\"EN-US\">cB7<\/span><sup><span lang=\"EN-US\">+<\/span><\/sup> attaque les virages avec aplomb. Plus l\u00e9g\u00e8re et plus puissante que ses s\u0153urs, elle est la plus f\u00e9roce de la famille FELINO. Construite en s\u00e9rie limit\u00e9e, la <span lang=\"EN-US\">cB7<\/span><sup><span lang=\"EN-US\">+<\/span><\/sup> repr\u00e9sente le summum du savoir-faire de FELINO. Cette b\u00eate sera d\u00e9voil\u00e9e au grand public au courant de l\u2019ann\u00e9e 2021.<\/p>\n\t\t\t\t\t\t<\/div>\n\t\t\t\t<\/div>\n\t\t\t\t\t<\/div>\n\t\t<\/div>\n\t\t\t\t\t\t\t<\/div>\n\t\t<\/section>\n\t\t\t\t\t\t\t<\/div>\n\t\t","protected":false},"excerpt":{"rendered":"<p>cB7+\u00a0 La cB7+ est la FELINO la plus avanc\u00e9e \u00e0 ce jour. Arm\u00e9e d\u2019un ensemble a\u00e9rodynamique de pointe, la cB7+ attaque les virages avec aplomb. Plus l\u00e9g\u00e8re et plus puissante que ses s\u0153urs, elle est la plus f\u00e9roce de la famille FELINO. Construite en s\u00e9rie limit\u00e9e, la cB7+ repr\u00e9sente le summum du savoir-faire de FELINO. [&hellip;]<\/p>\n","protected":false},"author":1,"featured_media":0,"parent":2769,"menu_order":0,"comment_status":"closed","ping_status":"closed","template":"","meta":{"_mi_skip_tracking":false,"_exactmetrics_sitenote_active":false,"_exactmetrics_sitenote_note":"","_exactmetrics_sitenote_category":0,"footnotes":""},"yoast_head":"<!-- This site is optimized with the Yoast SEO Premium plugin v19.6 (Yoast SEO v21.6) - https:\/\/yoast.com\/wordpress\/plugins\/seo\/ -->\n<title>cB7+ - F E L I N O<\/title>\n<meta name=\"description\" content=\"Bas\u00e9e sur la cB7R, la cB7+ est la FELINO la plus puissante \u00e0 ce jour. Un ensemble a\u00e9rodynamique de pointe permet d\u2019attaquer les virages avec aplomb.\" \/>\n<meta name=\"robots\" content=\"index, follow, max-snippet:-1, max-image-preview:large, max-video-preview:-1\" \/>\n<link rel=\"canonical\" href=\"https:\/\/felinocars.com\/fr\/modeles\/cb7-p\/\" \/>\n<meta property=\"og:locale\" content=\"fr_FR\" \/>\n<meta property=\"og:type\" content=\"article\" \/>\n<meta property=\"og:title\" content=\"cB7+\" \/>\n<meta property=\"og:description\" content=\"Bas\u00e9e sur la cB7R, la cB7+ est la FELINO la plus puissante \u00e0 ce jour. Un ensemble a\u00e9rodynamique de pointe permet d\u2019attaquer les virages avec aplomb.\" \/>\n<meta property=\"og:url\" content=\"https:\/\/felinocars.com\/fr\/modeles\/cb7-p\/\" \/>\n<meta property=\"og:site_name\" content=\"F E L I N O\" \/>\n<meta property=\"article:modified_time\" content=\"2020-08-11T18:37:41+00:00\" \/>\n<meta property=\"og:image\" content=\"https:\/\/felinocars.com\/wp-content\/uploads\/2020\/02\/thumbnail_cB7R-2020-Back-1.png\" \/>\n<meta name=\"twitter:card\" content=\"summary_large_image\" \/>\n<script type=\"application\/ld+json\" class=\"yoast-schema-graph\">{\"@context\":\"https:\/\/schema.org\",\"@graph\":[{\"@type\":\"WebPage\",\"@id\":\"https:\/\/felinocars.com\/fr\/modeles\/cb7-p\/\",\"url\":\"https:\/\/felinocars.com\/fr\/modeles\/cb7-p\/\",\"name\":\"cB7+ - F E L I N O\",\"isPartOf\":{\"@id\":\"https:\/\/felinocars.com\/#website\"},\"datePublished\":\"2019-01-16T14:22:23+00:00\",\"dateModified\":\"2020-08-11T18:37:41+00:00\",\"description\":\"Bas\u00e9e sur la cB7R, la cB7+ est la FELINO la plus puissante \u00e0 ce jour. Un ensemble a\u00e9rodynamique de pointe permet d\u2019attaquer les virages avec aplomb.\",\"breadcrumb\":{\"@id\":\"https:\/\/felinocars.com\/fr\/modeles\/cb7-p\/#breadcrumb\"},\"inLanguage\":\"fr-FR\",\"potentialAction\":[{\"@type\":\"ReadAction\",\"target\":[\"https:\/\/felinocars.com\/fr\/modeles\/cb7-p\/\"]}]},{\"@type\":\"BreadcrumbList\",\"@id\":\"https:\/\/felinocars.com\/fr\/modeles\/cb7-p\/#breadcrumb\",\"itemListElement\":[{\"@type\":\"ListItem\",\"position\":1,\"name\":\"Home\",\"item\":\"https:\/\/felinocars.com\/fr\/\"},{\"@type\":\"ListItem\",\"position\":2,\"name\":\"Mod\u00e8les\",\"item\":\"https:\/\/felinocars.com\/fr\/modeles\/\"},{\"@type\":\"ListItem\",\"position\":3,\"name\":\"cB7+\"}]},{\"@type\":\"WebSite\",\"@id\":\"https:\/\/felinocars.com\/#website\",\"url\":\"https:\/\/felinocars.com\/\",\"name\":\"F E L I N O\",\"description\":\"Felino Cars\",\"publisher\":{\"@id\":\"https:\/\/felinocars.com\/#organization\"},\"potentialAction\":[{\"@type\":\"SearchAction\",\"target\":{\"@type\":\"EntryPoint\",\"urlTemplate\":\"https:\/\/felinocars.com\/?s={search_term_string}\"},\"query-input\":\"required name=search_term_string\"}],\"inLanguage\":\"fr-FR\"},{\"@type\":\"Organization\",\"@id\":\"https:\/\/felinocars.com\/#organization\",\"name\":\"F E L I N O\",\"url\":\"https:\/\/felinocars.com\/\",\"logo\":{\"@type\":\"ImageObject\",\"inLanguage\":\"fr-FR\",\"@id\":\"https:\/\/felinocars.com\/#\/schema\/logo\/image\/\",\"url\":\"https:\/\/felinocars.com\/wp-content\/uploads\/2018\/01\/logo-felino-2018.png\",\"contentUrl\":\"https:\/\/felinocars.com\/wp-content\/uploads\/2018\/01\/logo-felino-2018.png\",\"width\":205,\"height\":65,\"caption\":\"F E L I N O\"},\"image\":{\"@id\":\"https:\/\/felinocars.com\/#\/schema\/logo\/image\/\"}}]}<\/script>\n<!-- \/ Yoast SEO Premium plugin. -->","yoast_head_json":{"title":"cB7+ - F E L I N O","description":"Bas\u00e9e sur la cB7R, la cB7+ est la FELINO la plus puissante \u00e0 ce jour. Un ensemble a\u00e9rodynamique de pointe permet d\u2019attaquer les virages avec aplomb.","robots":{"index":"index","follow":"follow","max-snippet":"max-snippet:-1","max-image-preview":"max-image-preview:large","max-video-preview":"max-video-preview:-1"},"canonical":"https:\/\/felinocars.com\/fr\/modeles\/cb7-p\/","og_locale":"fr_FR","og_type":"article","og_title":"cB7+","og_description":"Bas\u00e9e sur la cB7R, la cB7+ est la FELINO la plus puissante \u00e0 ce jour. Un ensemble a\u00e9rodynamique de pointe permet d\u2019attaquer les virages avec aplomb.","og_url":"https:\/\/felinocars.com\/fr\/modeles\/cb7-p\/","og_site_name":"F E L I N O","article_modified_time":"2020-08-11T18:37:41+00:00","og_image":[{"url":"https:\/\/felinocars.com\/wp-content\/uploads\/2020\/02\/thumbnail_cB7R-2020-Back-1.png"}],"twitter_card":"summary_large_image","schema":{"@context":"https:\/\/schema.org","@graph":[{"@type":"WebPage","@id":"https:\/\/felinocars.com\/fr\/modeles\/cb7-p\/","url":"https:\/\/felinocars.com\/fr\/modeles\/cb7-p\/","name":"cB7+ - F E L I N O","isPartOf":{"@id":"https:\/\/felinocars.com\/#website"},"datePublished":"2019-01-16T14:22:23+00:00","dateModified":"2020-08-11T18:37:41+00:00","description":"Bas\u00e9e sur la cB7R, la cB7+ est la FELINO la plus puissante \u00e0 ce jour. Un ensemble a\u00e9rodynamique de pointe permet d\u2019attaquer les virages avec aplomb.","breadcrumb":{"@id":"https:\/\/felinocars.com\/fr\/modeles\/cb7-p\/#breadcrumb"},"inLanguage":"fr-FR","potentialAction":[{"@type":"ReadAction","target":["https:\/\/felinocars.com\/fr\/modeles\/cb7-p\/"]}]},{"@type":"BreadcrumbList","@id":"https:\/\/felinocars.com\/fr\/modeles\/cb7-p\/#breadcrumb","itemListElement":[{"@type":"ListItem","position":1,"name":"Home","item":"https:\/\/felinocars.com\/fr\/"},{"@type":"ListItem","position":2,"name":"Mod\u00e8les","item":"https:\/\/felinocars.com\/fr\/modeles\/"},{"@type":"ListItem","position":3,"name":"cB7+"}]},{"@type":"WebSite","@id":"https:\/\/felinocars.com\/#website","url":"https:\/\/felinocars.com\/","name":"F E L I N O","description":"Felino Cars","publisher":{"@id":"https:\/\/felinocars.com\/#organization"},"potentialAction":[{"@type":"SearchAction","target":{"@type":"EntryPoint","urlTemplate":"https:\/\/felinocars.com\/?s={search_term_string}"},"query-input":"required name=search_term_string"}],"inLanguage":"fr-FR"},{"@type":"Organization","@id":"https:\/\/felinocars.com\/#organization","name":"F E L I N O","url":"https:\/\/felinocars.com\/","logo":{"@type":"ImageObject","inLanguage":"fr-FR","@id":"https:\/\/felinocars.com\/#\/schema\/logo\/image\/","url":"https:\/\/felinocars.com\/wp-content\/uploads\/2018\/01\/logo-felino-2018.png","contentUrl":"https:\/\/felinocars.com\/wp-content\/uploads\/2018\/01\/logo-felino-2018.png","width":205,"height":65,"caption":"F E L I N O"},"image":{"@id":"https:\/\/felinocars.com\/#\/schema\/logo\/image\/"}}]}},"_links":{"self":[{"href":"https:\/\/felinocars.com\/fr\/wp-json\/wp\/v2\/pages\/3580"}],"collection":[{"href":"https:\/\/felinocars.com\/fr\/wp-json\/wp\/v2\/pages"}],"about":[{"href":"https:\/\/felinocars.com\/fr\/wp-json\/wp\/v2\/types\/page"}],"author":[{"embeddable":true,"href":"https:\/\/felinocars.com\/fr\/wp-json\/wp\/v2\/users\/1"}],"replies":[{"embeddable":true,"href":"https:\/\/felinocars.com\/fr\/wp-json\/wp\/v2\/comments?post=3580"}],"version-history":[{"count":15,"href":"https:\/\/felinocars.com\/fr\/wp-json\/wp\/v2\/pages\/3580\/revisions"}],"predecessor-version":[{"id":4326,"href":"https:\/\/felinocars.com\/fr\/wp-json\/wp\/v2\/pages\/3580\/revisions\/4326"}],"up":[{"embeddable":true,"href":"https:\/\/felinocars.com\/fr\/wp-json\/wp\/v2\/pages\/2769"}],"wp:attachment":[{"href":"https:\/\/felinocars.com\/fr\/wp-json\/wp\/v2\/media?parent=3580"}],"curies":[{"name":"wp","href":"https:\/\/api.w.org\/{rel}","templated":true}]}}