{"id":2848,"date":"2018-11-23T16:39:49","date_gmt":"2018-11-23T16:39:49","guid":{"rendered":"http:\/\/felinocars.com\/mission-21\/"},"modified":"2020-01-31T19:10:38","modified_gmt":"2020-01-31T19:10:38","slug":"mission","status":"publish","type":"page","link":"https:\/\/felinocars.com\/fr\/mission\/","title":{"rendered":"Mission"},"content":{"rendered":"\t\t<div data-elementor-type=\"wp-post\" data-elementor-id=\"2848\" class=\"elementor elementor-2848 elementor-2846\" data-elementor-post-type=\"page\">\n\t\t\t\t\t\t\t\t\t<section class=\"elementor-section elementor-top-section elementor-element elementor-element-c855c9b elementor-section-height-full elementor-section-boxed elementor-section-height-default elementor-section-items-middle\" data-id=\"c855c9b\" data-element_type=\"section\" data-settings=\"{&quot;background_background&quot;:&quot;classic&quot;}\">\n\t\t\t\t\t\t\t<div class=\"elementor-background-overlay\"><\/div>\n\t\t\t\t\t\t\t<div class=\"elementor-container elementor-column-gap-default\">\n\t\t\t\t\t<div class=\"elementor-column elementor-col-100 elementor-top-column elementor-element elementor-element-9e24e49\" data-id=\"9e24e49\" data-element_type=\"column\" data-settings=\"{&quot;background_background&quot;:&quot;classic&quot;}\">\n\t\t\t<div class=\"elementor-widget-wrap elementor-element-populated\">\n\t\t\t\t\t<div class=\"elementor-background-overlay\"><\/div>\n\t\t\t\t\t\t\t\t<div class=\"elementor-element elementor-element-c535a55 elementor-widget elementor-widget-heading\" data-id=\"c535a55\" data-element_type=\"widget\" data-widget_type=\"heading.default\">\n\t\t\t\t<div class=\"elementor-widget-container\">\n\t\t\t<h1 class=\"elementor-heading-title elementor-size-default\">Nous sommes Felino<\/h1>\t\t<\/div>\n\t\t\t\t<\/div>\n\t\t\t\t<div class=\"elementor-element elementor-element-4393737 animated-slow elementor-invisible elementor-widget elementor-widget-heading\" data-id=\"4393737\" data-element_type=\"widget\" data-settings=\"{&quot;_animation&quot;:&quot;fadeIn&quot;,&quot;_animation_delay&quot;:200}\" data-widget_type=\"heading.default\">\n\t\t\t\t<div class=\"elementor-widget-container\">\n\t\t\t<h1 class=\"elementor-heading-title elementor-size-default\">NOUS APPORTONS UNE NOUVELLE DIMENSION AU MONDE DES SUPERCARS <\/h1>\t\t<\/div>\n\t\t\t\t<\/div>\n\t\t\t\t<div class=\"elementor-element elementor-element-bb53599 elementor-widget elementor-widget-text-editor\" data-id=\"bb53599\" data-element_type=\"widget\" data-widget_type=\"text-editor.default\">\n\t\t\t\t<div class=\"elementor-widget-container\">\n\t\t\t\t\t\t\t<p>La mission premi\u00e8re de FELINO consiste \u00e0 partager sa passion pour la conduite automobile de haute performance et \u00e0 faire vivre \u00e0 ses clients toute la gamme des \u00e9motions qui en d\u00e9coule. Mais il y a plus encore.<\/p>\n<p>Il y a l\u2019Exp\u00e9rience FELINO. C\u2019est une relation privil\u00e9gi\u00e9e qui s\u2019\u00e9tablit entre le constructeur et son client sur la base d\u2019un partage continu de connaissances et du perfectionnement constant des habilet\u00e9s de conduite. Une invitation \u00e0 vivre la grande aventure FELINO.<\/p>\n<p>Les FELINO cB7 sont construites sur mesure, une voiture \u00e0 la fois, selon les go\u00fbts et demandes du client. C\u2019est un v\u00e9ritable travail d\u2019orf\u00e8vre. Quel que soit le moment du processus d\u2019achat, FELINO offre sa collaboration, ses connaissances, sa formation, son soutien technique et son enthousiasme au nouveau propri\u00e9taire.<\/p>\n\t\t\t\t\t\t<\/div>\n\t\t\t\t<\/div>\n\t\t\t\t\t<\/div>\n\t\t<\/div>\n\t\t\t\t\t\t\t<\/div>\n\t\t<\/section>\n\t\t\t\t\t\t\t<\/div>\n\t\t","protected":false},"excerpt":{"rendered":"<p>Nous sommes Felino NOUS APPORTONS UNE NOUVELLE DIMENSION AU MONDE DES SUPERCARS La mission premi\u00e8re de FELINO consiste \u00e0 partager sa passion pour la conduite automobile de haute performance et \u00e0 faire vivre \u00e0 ses clients toute la gamme des \u00e9motions qui en d\u00e9coule. Mais il y a plus encore. Il y a l\u2019Exp\u00e9rience FELINO. [&hellip;]<\/p>\n","protected":false},"author":1,"featured_media":0,"parent":0,"menu_order":0,"comment_status":"closed","ping_status":"closed","template":"","meta":{"_mi_skip_tracking":false,"_exactmetrics_sitenote_active":false,"_exactmetrics_sitenote_note":"","_exactmetrics_sitenote_category":0,"footnotes":""},"yoast_head":"<!-- This site is optimized with the Yoast SEO Premium plugin v19.6 (Yoast SEO v21.6) - https:\/\/yoast.com\/wordpress\/plugins\/seo\/ -->\n<title>Mission - F E L I N O<\/title>\n<meta name=\"robots\" content=\"index, follow, max-snippet:-1, max-image-preview:large, max-video-preview:-1\" \/>\n<link rel=\"canonical\" href=\"https:\/\/felinocars.com\/fr\/mission\/\" \/>\n<meta property=\"og:locale\" content=\"fr_FR\" \/>\n<meta property=\"og:type\" content=\"article\" \/>\n<meta property=\"og:title\" content=\"Mission\" \/>\n<meta property=\"og:description\" content=\"Nous sommes Felino NOUS APPORTONS UNE NOUVELLE DIMENSION AU MONDE DES SUPERCARS La mission premi\u00e8re de FELINO consiste \u00e0 partager sa passion pour la conduite automobile de haute performance et \u00e0 faire vivre \u00e0 ses clients toute la gamme des \u00e9motions qui en d\u00e9coule. Mais il y a plus encore. Il y a l\u2019Exp\u00e9rience FELINO. [&hellip;]\" \/>\n<meta property=\"og:url\" content=\"https:\/\/felinocars.com\/fr\/mission\/\" \/>\n<meta property=\"og:site_name\" content=\"F E L I N O\" \/>\n<meta property=\"article:modified_time\" content=\"2020-01-31T19:10:38+00:00\" \/>\n<meta name=\"twitter:card\" content=\"summary_large_image\" \/>\n<meta name=\"twitter:label1\" content=\"Dur\u00e9e de lecture estim\u00e9e\" \/>\n\t<meta name=\"twitter:data1\" content=\"1 minute\" \/>\n<script type=\"application\/ld+json\" class=\"yoast-schema-graph\">{\"@context\":\"https:\/\/schema.org\",\"@graph\":[{\"@type\":\"WebPage\",\"@id\":\"https:\/\/felinocars.com\/fr\/mission\/\",\"url\":\"https:\/\/felinocars.com\/fr\/mission\/\",\"name\":\"Mission - F E L I N O\",\"isPartOf\":{\"@id\":\"https:\/\/felinocars.com\/#website\"},\"datePublished\":\"2018-11-23T16:39:49+00:00\",\"dateModified\":\"2020-01-31T19:10:38+00:00\",\"breadcrumb\":{\"@id\":\"https:\/\/felinocars.com\/fr\/mission\/#breadcrumb\"},\"inLanguage\":\"fr-FR\",\"potentialAction\":[{\"@type\":\"ReadAction\",\"target\":[\"https:\/\/felinocars.com\/fr\/mission\/\"]}]},{\"@type\":\"BreadcrumbList\",\"@id\":\"https:\/\/felinocars.com\/fr\/mission\/#breadcrumb\",\"itemListElement\":[{\"@type\":\"ListItem\",\"position\":1,\"name\":\"Home\",\"item\":\"https:\/\/felinocars.com\/fr\/\"},{\"@type\":\"ListItem\",\"position\":2,\"name\":\"Mission\"}]},{\"@type\":\"WebSite\",\"@id\":\"https:\/\/felinocars.com\/#website\",\"url\":\"https:\/\/felinocars.com\/\",\"name\":\"F E L I N O\",\"description\":\"Felino Cars\",\"publisher\":{\"@id\":\"https:\/\/felinocars.com\/#organization\"},\"potentialAction\":[{\"@type\":\"SearchAction\",\"target\":{\"@type\":\"EntryPoint\",\"urlTemplate\":\"https:\/\/felinocars.com\/?s={search_term_string}\"},\"query-input\":\"required name=search_term_string\"}],\"inLanguage\":\"fr-FR\"},{\"@type\":\"Organization\",\"@id\":\"https:\/\/felinocars.com\/#organization\",\"name\":\"F E L I N O\",\"url\":\"https:\/\/felinocars.com\/\",\"logo\":{\"@type\":\"ImageObject\",\"inLanguage\":\"fr-FR\",\"@id\":\"https:\/\/felinocars.com\/#\/schema\/logo\/image\/\",\"url\":\"https:\/\/felinocars.com\/wp-content\/uploads\/2018\/01\/logo-felino-2018.png\",\"contentUrl\":\"https:\/\/felinocars.com\/wp-content\/uploads\/2018\/01\/logo-felino-2018.png\",\"width\":205,\"height\":65,\"caption\":\"F E L I N O\"},\"image\":{\"@id\":\"https:\/\/felinocars.com\/#\/schema\/logo\/image\/\"}}]}<\/script>\n<!-- \/ Yoast SEO Premium plugin. -->","yoast_head_json":{"title":"Mission - F E L I N O","robots":{"index":"index","follow":"follow","max-snippet":"max-snippet:-1","max-image-preview":"max-image-preview:large","max-video-preview":"max-video-preview:-1"},"canonical":"https:\/\/felinocars.com\/fr\/mission\/","og_locale":"fr_FR","og_type":"article","og_title":"Mission","og_description":"Nous sommes Felino NOUS APPORTONS UNE NOUVELLE DIMENSION AU MONDE DES SUPERCARS La mission premi\u00e8re de FELINO consiste \u00e0 partager sa passion pour la conduite automobile de haute performance et \u00e0 faire vivre \u00e0 ses clients toute la gamme des \u00e9motions qui en d\u00e9coule. Mais il y a plus encore. Il y a l\u2019Exp\u00e9rience FELINO. [&hellip;]","og_url":"https:\/\/felinocars.com\/fr\/mission\/","og_site_name":"F E L I N O","article_modified_time":"2020-01-31T19:10:38+00:00","twitter_card":"summary_large_image","twitter_misc":{"Dur\u00e9e de lecture estim\u00e9e":"1 minute"},"schema":{"@context":"https:\/\/schema.org","@graph":[{"@type":"WebPage","@id":"https:\/\/felinocars.com\/fr\/mission\/","url":"https:\/\/felinocars.com\/fr\/mission\/","name":"Mission - F E L I N O","isPartOf":{"@id":"https:\/\/felinocars.com\/#website"},"datePublished":"2018-11-23T16:39:49+00:00","dateModified":"2020-01-31T19:10:38+00:00","breadcrumb":{"@id":"https:\/\/felinocars.com\/fr\/mission\/#breadcrumb"},"inLanguage":"fr-FR","potentialAction":[{"@type":"ReadAction","target":["https:\/\/felinocars.com\/fr\/mission\/"]}]},{"@type":"BreadcrumbList","@id":"https:\/\/felinocars.com\/fr\/mission\/#breadcrumb","itemListElement":[{"@type":"ListItem","position":1,"name":"Home","item":"https:\/\/felinocars.com\/fr\/"},{"@type":"ListItem","position":2,"name":"Mission"}]},{"@type":"WebSite","@id":"https:\/\/felinocars.com\/#website","url":"https:\/\/felinocars.com\/","name":"F E L I N O","description":"Felino Cars","publisher":{"@id":"https:\/\/felinocars.com\/#organization"},"potentialAction":[{"@type":"SearchAction","target":{"@type":"EntryPoint","urlTemplate":"https:\/\/felinocars.com\/?s={search_term_string}"},"query-input":"required name=search_term_string"}],"inLanguage":"fr-FR"},{"@type":"Organization","@id":"https:\/\/felinocars.com\/#organization","name":"F E L I N O","url":"https:\/\/felinocars.com\/","logo":{"@type":"ImageObject","inLanguage":"fr-FR","@id":"https:\/\/felinocars.com\/#\/schema\/logo\/image\/","url":"https:\/\/felinocars.com\/wp-content\/uploads\/2018\/01\/logo-felino-2018.png","contentUrl":"https:\/\/felinocars.com\/wp-content\/uploads\/2018\/01\/logo-felino-2018.png","width":205,"height":65,"caption":"F E L I N O"},"image":{"@id":"https:\/\/felinocars.com\/#\/schema\/logo\/image\/"}}]}},"_links":{"self":[{"href":"https:\/\/felinocars.com\/fr\/wp-json\/wp\/v2\/pages\/2848"}],"collection":[{"href":"https:\/\/felinocars.com\/fr\/wp-json\/wp\/v2\/pages"}],"about":[{"href":"https:\/\/felinocars.com\/fr\/wp-json\/wp\/v2\/types\/page"}],"author":[{"embeddable":true,"href":"https:\/\/felinocars.com\/fr\/wp-json\/wp\/v2\/users\/1"}],"replies":[{"embeddable":true,"href":"https:\/\/felinocars.com\/fr\/wp-json\/wp\/v2\/comments?post=2848"}],"version-history":[{"count":11,"href":"https:\/\/felinocars.com\/fr\/wp-json\/wp\/v2\/pages\/2848\/revisions"}],"predecessor-version":[{"id":3458,"href":"https:\/\/felinocars.com\/fr\/wp-json\/wp\/v2\/pages\/2848\/revisions\/3458"}],"wp:attachment":[{"href":"https:\/\/felinocars.com\/fr\/wp-json\/wp\/v2\/media?parent=2848"}],"curies":[{"name":"wp","href":"https:\/\/api.w.org\/{rel}","templated":true}]}}