{"id":2819,"date":"2018-11-15T22:34:04","date_gmt":"2018-11-15T22:34:04","guid":{"rendered":"http:\/\/felinocars.com\/home\/"},"modified":"2020-10-23T12:44:31","modified_gmt":"2020-10-23T12:44:31","slug":"home","status":"publish","type":"page","link":"https:\/\/felinocars.com\/fr\/","title":{"rendered":"Accueil"},"content":{"rendered":"\t\t<div data-elementor-type=\"wp-post\" data-elementor-id=\"2819\" class=\"elementor elementor-2819 elementor-2419\" data-elementor-post-type=\"page\">\n\t\t\t\t\t\t\t\t\t<section class=\"elementor-section elementor-top-section elementor-element elementor-element-104906f elementor-hidden-tablet elementor-hidden-phone elementor-section-boxed elementor-section-height-default elementor-section-height-default\" data-id=\"104906f\" data-element_type=\"section\" data-settings=\"{&quot;background_background&quot;:&quot;classic&quot;}\">\n\t\t\t\t\t\t\t<div class=\"elementor-background-overlay\"><\/div>\n\t\t\t\t\t\t\t<div class=\"elementor-container elementor-column-gap-no\">\n\t\t\t\t\t<div class=\"elementor-column elementor-col-100 elementor-top-column elementor-element elementor-element-5dcf8bbf\" data-id=\"5dcf8bbf\" data-element_type=\"column\">\n\t\t\t<div class=\"elementor-widget-wrap elementor-element-populated\">\n\t\t\t\t\t\t\t\t<div class=\"elementor-element elementor-element-7168d00b elementor-widget elementor-widget-shortcode\" data-id=\"7168d00b\" data-element_type=\"widget\" data-widget_type=\"shortcode.default\">\n\t\t\t\t<div class=\"elementor-widget-container\">\n\t\t\t\t\t<div class=\"elementor-shortcode\">\n<\/div>\n\t\t\t\t<\/div>\n\t\t\t\t<\/div>\n\t\t\t\t\t<\/div>\n\t\t<\/div>\n\t\t\t\t\t\t\t<\/div>\n\t\t<\/section>\n\t\t\t\t<section class=\"elementor-section elementor-top-section elementor-element elementor-element-0ee4227 elementor-hidden-desktop elementor-section-boxed elementor-section-height-default elementor-section-height-default\" data-id=\"0ee4227\" data-element_type=\"section\" data-settings=\"{&quot;background_background&quot;:&quot;classic&quot;}\">\n\t\t\t\t\t\t<div class=\"elementor-container elementor-column-gap-default\">\n\t\t\t\t\t<div class=\"elementor-column elementor-col-100 elementor-top-column elementor-element elementor-element-40afd4b\" data-id=\"40afd4b\" data-element_type=\"column\">\n\t\t\t<div class=\"elementor-widget-wrap elementor-element-populated\">\n\t\t\t\t\t\t\t\t<div class=\"elementor-element elementor-element-aa4cb36 elementor-widget elementor-widget-image\" data-id=\"aa4cb36\" data-element_type=\"widget\" data-widget_type=\"image.default\">\n\t\t\t\t<div class=\"elementor-widget-container\">\n\t\t\t\t\t\t\t\t\t\t\t\t\t\t\t<img loading=\"lazy\" decoding=\"async\" width=\"520\" height=\"162\" src=\"https:\/\/felinocars.com\/wp-content\/uploads\/2019\/01\/brutallement-elegante.png\" class=\"attachment-large size-large wp-image-3674\" alt=\"\" srcset=\"https:\/\/felinocars.com\/wp-content\/uploads\/2019\/01\/brutallement-elegante.png 520w, https:\/\/felinocars.com\/wp-content\/uploads\/2019\/01\/brutallement-elegante-300x93.png 300w\" sizes=\"(max-width: 520px) 100vw, 520px\" \/>\t\t\t\t\t\t\t\t\t\t\t\t\t\t\t<\/div>\n\t\t\t\t<\/div>\n\t\t\t\t\t<\/div>\n\t\t<\/div>\n\t\t\t\t\t\t\t<\/div>\n\t\t<\/section>\n\t\t\t\t\t\t\t<\/div>\n\t\t","protected":false},"excerpt":{"rendered":"","protected":false},"author":1,"featured_media":0,"parent":0,"menu_order":0,"comment_status":"closed","ping_status":"closed","template":"","meta":{"_mi_skip_tracking":false,"_exactmetrics_sitenote_active":false,"_exactmetrics_sitenote_note":"","_exactmetrics_sitenote_category":0,"footnotes":""},"yoast_head":"<!-- This site is optimized with the Yoast SEO Premium plugin v19.6 (Yoast SEO v21.6) - https:\/\/yoast.com\/wordpress\/plugins\/seo\/ -->\n<title>F E L I N O - Felino Cars - Site Web Officiel<\/title>\n<meta name=\"description\" content=\"La mission de FELINO consiste \u00e0 partager sa passion pour la conduite de haute performance et \u00e0 faire vivre \u00e0 ses clients les \u00e9motions qui en d\u00e9coule.\" \/>\n<meta name=\"robots\" content=\"index, follow, max-snippet:-1, max-image-preview:large, max-video-preview:-1\" \/>\n<link rel=\"canonical\" href=\"https:\/\/felinocars.com\/fr\/\" \/>\n<meta property=\"og:locale\" content=\"fr_FR\" \/>\n<meta property=\"og:type\" content=\"article\" \/>\n<meta property=\"og:title\" content=\"Accueil\" \/>\n<meta property=\"og:description\" content=\"La mission de FELINO consiste \u00e0 partager sa passion pour la conduite de haute performance et \u00e0 faire vivre \u00e0 ses clients les \u00e9motions qui en d\u00e9coule.\" \/>\n<meta property=\"og:url\" content=\"https:\/\/felinocars.com\/fr\/\" \/>\n<meta property=\"og:site_name\" content=\"F E L I N O\" \/>\n<meta property=\"article:modified_time\" content=\"2020-10-23T12:44:31+00:00\" \/>\n<meta property=\"og:image\" content=\"https:\/\/felinocars.com\/wp-content\/uploads\/2019\/01\/brutallement-elegante.png\" \/>\n<meta name=\"twitter:card\" content=\"summary_large_image\" \/>\n<script type=\"application\/ld+json\" class=\"yoast-schema-graph\">{\"@context\":\"https:\/\/schema.org\",\"@graph\":[{\"@type\":\"WebPage\",\"@id\":\"https:\/\/felinocars.com\/fr\/\",\"url\":\"https:\/\/felinocars.com\/fr\/\",\"name\":\"F E L I N O - Felino Cars - Site Web Officiel\",\"isPartOf\":{\"@id\":\"https:\/\/felinocars.com\/#website\"},\"datePublished\":\"2018-11-15T22:34:04+00:00\",\"dateModified\":\"2020-10-23T12:44:31+00:00\",\"description\":\"La mission de FELINO consiste \u00e0 partager sa passion pour la conduite de haute performance et \u00e0 faire vivre \u00e0 ses clients les \u00e9motions qui en d\u00e9coule.\",\"breadcrumb\":{\"@id\":\"https:\/\/felinocars.com\/fr\/#breadcrumb\"},\"inLanguage\":\"fr-FR\",\"potentialAction\":[{\"@type\":\"ReadAction\",\"target\":[\"https:\/\/felinocars.com\/fr\/\"]}]},{\"@type\":\"BreadcrumbList\",\"@id\":\"https:\/\/felinocars.com\/fr\/#breadcrumb\",\"itemListElement\":[{\"@type\":\"ListItem\",\"position\":1,\"name\":\"Home\",\"item\":\"https:\/\/felinocars.com\/fr\/\"},{\"@type\":\"ListItem\",\"position\":2,\"name\":\"Accueil\"}]},{\"@type\":\"WebSite\",\"@id\":\"https:\/\/felinocars.com\/#website\",\"url\":\"https:\/\/felinocars.com\/\",\"name\":\"F E L I N O\",\"description\":\"Felino Cars\",\"publisher\":{\"@id\":\"https:\/\/felinocars.com\/#organization\"},\"potentialAction\":[{\"@type\":\"SearchAction\",\"target\":{\"@type\":\"EntryPoint\",\"urlTemplate\":\"https:\/\/felinocars.com\/?s={search_term_string}\"},\"query-input\":\"required name=search_term_string\"}],\"inLanguage\":\"fr-FR\"},{\"@type\":\"Organization\",\"@id\":\"https:\/\/felinocars.com\/#organization\",\"name\":\"F E L I N O\",\"url\":\"https:\/\/felinocars.com\/\",\"logo\":{\"@type\":\"ImageObject\",\"inLanguage\":\"fr-FR\",\"@id\":\"https:\/\/felinocars.com\/#\/schema\/logo\/image\/\",\"url\":\"https:\/\/felinocars.com\/wp-content\/uploads\/2018\/01\/logo-felino-2018.png\",\"contentUrl\":\"https:\/\/felinocars.com\/wp-content\/uploads\/2018\/01\/logo-felino-2018.png\",\"width\":205,\"height\":65,\"caption\":\"F E L I N O\"},\"image\":{\"@id\":\"https:\/\/felinocars.com\/#\/schema\/logo\/image\/\"}}]}<\/script>\n<!-- \/ Yoast SEO Premium plugin. -->","yoast_head_json":{"title":"F E L I N O - Felino Cars - Site Web Officiel","description":"La mission de FELINO consiste \u00e0 partager sa passion pour la conduite de haute performance et \u00e0 faire vivre \u00e0 ses clients les \u00e9motions qui en d\u00e9coule.","robots":{"index":"index","follow":"follow","max-snippet":"max-snippet:-1","max-image-preview":"max-image-preview:large","max-video-preview":"max-video-preview:-1"},"canonical":"https:\/\/felinocars.com\/fr\/","og_locale":"fr_FR","og_type":"article","og_title":"Accueil","og_description":"La mission de FELINO consiste \u00e0 partager sa passion pour la conduite de haute performance et \u00e0 faire vivre \u00e0 ses clients les \u00e9motions qui en d\u00e9coule.","og_url":"https:\/\/felinocars.com\/fr\/","og_site_name":"F E L I N O","article_modified_time":"2020-10-23T12:44:31+00:00","og_image":[{"url":"https:\/\/felinocars.com\/wp-content\/uploads\/2019\/01\/brutallement-elegante.png"}],"twitter_card":"summary_large_image","schema":{"@context":"https:\/\/schema.org","@graph":[{"@type":"WebPage","@id":"https:\/\/felinocars.com\/fr\/","url":"https:\/\/felinocars.com\/fr\/","name":"F E L I N O - Felino Cars - Site Web Officiel","isPartOf":{"@id":"https:\/\/felinocars.com\/#website"},"datePublished":"2018-11-15T22:34:04+00:00","dateModified":"2020-10-23T12:44:31+00:00","description":"La mission de FELINO consiste \u00e0 partager sa passion pour la conduite de haute performance et \u00e0 faire vivre \u00e0 ses clients les \u00e9motions qui en d\u00e9coule.","breadcrumb":{"@id":"https:\/\/felinocars.com\/fr\/#breadcrumb"},"inLanguage":"fr-FR","potentialAction":[{"@type":"ReadAction","target":["https:\/\/felinocars.com\/fr\/"]}]},{"@type":"BreadcrumbList","@id":"https:\/\/felinocars.com\/fr\/#breadcrumb","itemListElement":[{"@type":"ListItem","position":1,"name":"Home","item":"https:\/\/felinocars.com\/fr\/"},{"@type":"ListItem","position":2,"name":"Accueil"}]},{"@type":"WebSite","@id":"https:\/\/felinocars.com\/#website","url":"https:\/\/felinocars.com\/","name":"F E L I N O","description":"Felino Cars","publisher":{"@id":"https:\/\/felinocars.com\/#organization"},"potentialAction":[{"@type":"SearchAction","target":{"@type":"EntryPoint","urlTemplate":"https:\/\/felinocars.com\/?s={search_term_string}"},"query-input":"required name=search_term_string"}],"inLanguage":"fr-FR"},{"@type":"Organization","@id":"https:\/\/felinocars.com\/#organization","name":"F E L I N O","url":"https:\/\/felinocars.com\/","logo":{"@type":"ImageObject","inLanguage":"fr-FR","@id":"https:\/\/felinocars.com\/#\/schema\/logo\/image\/","url":"https:\/\/felinocars.com\/wp-content\/uploads\/2018\/01\/logo-felino-2018.png","contentUrl":"https:\/\/felinocars.com\/wp-content\/uploads\/2018\/01\/logo-felino-2018.png","width":205,"height":65,"caption":"F E L I N O"},"image":{"@id":"https:\/\/felinocars.com\/#\/schema\/logo\/image\/"}}]}},"_links":{"self":[{"href":"https:\/\/felinocars.com\/fr\/wp-json\/wp\/v2\/pages\/2819"}],"collection":[{"href":"https:\/\/felinocars.com\/fr\/wp-json\/wp\/v2\/pages"}],"about":[{"href":"https:\/\/felinocars.com\/fr\/wp-json\/wp\/v2\/types\/page"}],"author":[{"embeddable":true,"href":"https:\/\/felinocars.com\/fr\/wp-json\/wp\/v2\/users\/1"}],"replies":[{"embeddable":true,"href":"https:\/\/felinocars.com\/fr\/wp-json\/wp\/v2\/comments?post=2819"}],"version-history":[{"count":40,"href":"https:\/\/felinocars.com\/fr\/wp-json\/wp\/v2\/pages\/2819\/revisions"}],"predecessor-version":[{"id":4404,"href":"https:\/\/felinocars.com\/fr\/wp-json\/wp\/v2\/pages\/2819\/revisions\/4404"}],"wp:attachment":[{"href":"https:\/\/felinocars.com\/fr\/wp-json\/wp\/v2\/media?parent=2819"}],"curies":[{"name":"wp","href":"https:\/\/api.w.org\/{rel}","templated":true}]}}