{"id":2816,"date":"2018-11-23T16:11:13","date_gmt":"2018-11-23T16:11:13","guid":{"rendered":"http:\/\/felinocars.com\/contact\/"},"modified":"2026-01-16T13:39:40","modified_gmt":"2026-01-16T13:39:40","slug":"contact","status":"publish","type":"page","link":"https:\/\/felinocars.com\/fr\/contact\/","title":{"rendered":"Contact"},"content":{"rendered":"\t\t<div data-elementor-type=\"wp-post\" data-elementor-id=\"2816\" class=\"elementor elementor-2816 elementor-2556\" data-elementor-post-type=\"page\">\n\t\t\t\t\t\t\t\t\t<section class=\"elementor-section elementor-top-section elementor-element elementor-element-020d59b elementor-section-boxed elementor-section-height-default elementor-section-height-default\" data-id=\"020d59b\" data-element_type=\"section\" data-settings=\"{&quot;background_background&quot;:&quot;classic&quot;}\">\n\t\t\t\t\t\t<div class=\"elementor-container elementor-column-gap-default\">\n\t\t\t\t\t<div class=\"elementor-column elementor-col-100 elementor-top-column elementor-element elementor-element-cae5bb2\" data-id=\"cae5bb2\" data-element_type=\"column\">\n\t\t\t<div class=\"elementor-widget-wrap elementor-element-populated\">\n\t\t\t\t\t\t\t\t<div class=\"elementor-element elementor-element-76baebc elementor-widget elementor-widget-heading\" data-id=\"76baebc\" data-element_type=\"widget\" data-widget_type=\"heading.default\">\n\t\t\t\t<div class=\"elementor-widget-container\">\n\t\t\t<h2 class=\"elementor-heading-title elementor-size-default\">Merci de s\u00e9lectionner la section \u00a0qui vous concerne :<\/h2>\t\t<\/div>\n\t\t\t\t<\/div>\n\t\t\t\t<div class=\"elementor-element elementor-element-efe7dae elementor-tabs-view-horizontal elementor-widget elementor-widget-tabs\" data-id=\"efe7dae\" data-element_type=\"widget\" data-widget_type=\"tabs.default\">\n\t\t\t\t<div class=\"elementor-widget-container\">\n\t\t\t\t\t<div class=\"elementor-tabs\">\n\t\t\t<div class=\"elementor-tabs-wrapper\" role=\"tablist\" >\n\t\t\t\t\t\t\t\t\t<div id=\"elementor-tab-title-2511\" class=\"elementor-tab-title elementor-tab-desktop-title\" aria-selected=\"true\" data-tab=\"1\" role=\"tab\" tabindex=\"0\" aria-controls=\"elementor-tab-content-2511\" aria-expanded=\"false\">Informations g\u00e9n\u00e9rales<\/div>\n\t\t\t\t\t\t\t<\/div>\n\t\t\t<div class=\"elementor-tabs-content-wrapper\" role=\"tablist\" aria-orientation=\"vertical\">\n\t\t\t\t\t\t\t\t\t<div class=\"elementor-tab-title elementor-tab-mobile-title\" aria-selected=\"true\" data-tab=\"1\" role=\"tab\" tabindex=\"0\" aria-controls=\"elementor-tab-content-2511\" aria-expanded=\"false\">Informations g\u00e9n\u00e9rales<\/div>\n\t\t\t\t\t<div id=\"elementor-tab-content-2511\" class=\"elementor-tab-content elementor-clearfix\" data-tab=\"1\" role=\"tabpanel\" aria-labelledby=\"elementor-tab-title-2511\" tabindex=\"0\" hidden=\"false\"><p>\n<div class=\"wpcf7 no-js\" id=\"wpcf7-f2912-o1\" lang=\"en-US\" dir=\"ltr\">\n<div class=\"screen-reader-response\"><p role=\"status\" aria-live=\"polite\" aria-atomic=\"true\"><\/p> <ul><\/ul><\/div>\n<form action=\"\/fr\/wp-json\/wp\/v2\/pages\/2816#wpcf7-f2912-o1\" method=\"post\" class=\"wpcf7-form init\" aria-label=\"Contact form\" novalidate=\"novalidate\" data-status=\"init\">\n<div style=\"display: none;\">\n<input type=\"hidden\" name=\"_wpcf7\" value=\"2912\" \/>\n<input type=\"hidden\" name=\"_wpcf7_version\" value=\"5.8.4\" \/>\n<input type=\"hidden\" name=\"_wpcf7_locale\" value=\"en_US\" \/>\n<input type=\"hidden\" name=\"_wpcf7_unit_tag\" value=\"wpcf7-f2912-o1\" \/>\n<input type=\"hidden\" name=\"_wpcf7_container_post\" value=\"0\" \/>\n<input type=\"hidden\" name=\"_wpcf7_posted_data_hash\" value=\"\" \/>\n<\/div>\n<p><span class=\"wpcf7-form-control-wrap\" data-name=\"text-246\"><input size=\"40\" class=\"wpcf7-form-control wpcf7-text wpcf7-validates-as-required\" aria-required=\"true\" aria-invalid=\"false\" placeholder=\"Pr\u00e9nom\" value=\"\" type=\"text\" name=\"text-246\" \/><\/span>\n<\/p>\n<p><span class=\"wpcf7-form-control-wrap\" data-name=\"text-59\"><input size=\"40\" class=\"wpcf7-form-control wpcf7-text wpcf7-validates-as-required\" aria-required=\"true\" aria-invalid=\"false\" placeholder=\"Nom\" value=\"\" type=\"text\" name=\"text-59\" \/><\/span>\n<\/p>\n<p><span class=\"wpcf7-form-control-wrap\" data-name=\"email-987\"><input size=\"40\" class=\"wpcf7-form-control wpcf7-email wpcf7-validates-as-required wpcf7-text wpcf7-validates-as-email\" aria-required=\"true\" aria-invalid=\"false\" placeholder=\"Courriel\" value=\"\" type=\"email\" name=\"email-987\" \/><\/span>\n<\/p>\n<p><span class=\"wpcf7-form-control-wrap\" data-name=\"textarea-783\"><textarea cols=\"40\" rows=\"10\" class=\"wpcf7-form-control wpcf7-textarea wpcf7-validates-as-required\" aria-required=\"true\" aria-invalid=\"false\" placeholder=\"Votre message\" name=\"textarea-783\"><\/textarea><\/span>\n<\/p>\n<p><input class=\"wpcf7-form-control wpcf7-submit has-spinner\" type=\"submit\" value=\"Envoyer\" \/>\n<\/p><div class=\"wpcf7-response-output\" aria-hidden=\"true\"><\/div>\n<\/form>\n<\/div>\n<\/p><\/div>\n\t\t\t\t\t\t\t<\/div>\n\t\t<\/div>\n\t\t\t\t<\/div>\n\t\t\t\t<\/div>\n\t\t\t\t\t<\/div>\n\t\t<\/div>\n\t\t\t\t\t\t\t<\/div>\n\t\t<\/section>\n\t\t\t\t\t\t\t<\/div>\n\t\t","protected":false},"excerpt":{"rendered":"<p>Merci de s\u00e9lectionner la section \u00a0qui vous concerne : Informations g\u00e9n\u00e9rales Informations g\u00e9n\u00e9rales<\/p>\n","protected":false},"author":1,"featured_media":0,"parent":0,"menu_order":0,"comment_status":"closed","ping_status":"closed","template":"","meta":{"_mi_skip_tracking":false,"_exactmetrics_sitenote_active":false,"_exactmetrics_sitenote_note":"","_exactmetrics_sitenote_category":0,"footnotes":""},"yoast_head":"<!-- This site is optimized with the Yoast SEO Premium plugin v19.6 (Yoast SEO v21.6) - https:\/\/yoast.com\/wordpress\/plugins\/seo\/ -->\n<title>Contact - F E L I N O<\/title>\n<meta name=\"robots\" content=\"index, follow, max-snippet:-1, max-image-preview:large, max-video-preview:-1\" \/>\n<link rel=\"canonical\" href=\"https:\/\/felinocars.com\/fr\/contact\/\" \/>\n<meta property=\"og:locale\" content=\"fr_FR\" \/>\n<meta property=\"og:type\" content=\"article\" \/>\n<meta property=\"og:title\" content=\"Contact\" \/>\n<meta property=\"og:description\" content=\"Merci de s\u00e9lectionner la section \u00a0qui vous concerne : Informations g\u00e9n\u00e9rales Informations g\u00e9n\u00e9rales\" \/>\n<meta property=\"og:url\" content=\"https:\/\/felinocars.com\/fr\/contact\/\" \/>\n<meta property=\"og:site_name\" content=\"F E L I N O\" \/>\n<meta property=\"article:modified_time\" content=\"2026-01-16T13:39:40+00:00\" \/>\n<meta name=\"twitter:card\" content=\"summary_large_image\" \/>\n<meta name=\"twitter:label1\" content=\"Dur\u00e9e de lecture estim\u00e9e\" \/>\n\t<meta name=\"twitter:data1\" content=\"1 minute\" \/>\n<script type=\"application\/ld+json\" class=\"yoast-schema-graph\">{\"@context\":\"https:\/\/schema.org\",\"@graph\":[{\"@type\":\"WebPage\",\"@id\":\"https:\/\/felinocars.com\/fr\/contact\/\",\"url\":\"https:\/\/felinocars.com\/fr\/contact\/\",\"name\":\"Contact - F E L I N O\",\"isPartOf\":{\"@id\":\"https:\/\/felinocars.com\/#website\"},\"datePublished\":\"2018-11-23T16:11:13+00:00\",\"dateModified\":\"2026-01-16T13:39:40+00:00\",\"breadcrumb\":{\"@id\":\"https:\/\/felinocars.com\/fr\/contact\/#breadcrumb\"},\"inLanguage\":\"fr-FR\",\"potentialAction\":[{\"@type\":\"ReadAction\",\"target\":[\"https:\/\/felinocars.com\/fr\/contact\/\"]}]},{\"@type\":\"BreadcrumbList\",\"@id\":\"https:\/\/felinocars.com\/fr\/contact\/#breadcrumb\",\"itemListElement\":[{\"@type\":\"ListItem\",\"position\":1,\"name\":\"Home\",\"item\":\"https:\/\/felinocars.com\/fr\/\"},{\"@type\":\"ListItem\",\"position\":2,\"name\":\"Contact\"}]},{\"@type\":\"WebSite\",\"@id\":\"https:\/\/felinocars.com\/#website\",\"url\":\"https:\/\/felinocars.com\/\",\"name\":\"F E L I N O\",\"description\":\"Felino Cars\",\"publisher\":{\"@id\":\"https:\/\/felinocars.com\/#organization\"},\"potentialAction\":[{\"@type\":\"SearchAction\",\"target\":{\"@type\":\"EntryPoint\",\"urlTemplate\":\"https:\/\/felinocars.com\/?s={search_term_string}\"},\"query-input\":\"required name=search_term_string\"}],\"inLanguage\":\"fr-FR\"},{\"@type\":\"Organization\",\"@id\":\"https:\/\/felinocars.com\/#organization\",\"name\":\"F E L I N O\",\"url\":\"https:\/\/felinocars.com\/\",\"logo\":{\"@type\":\"ImageObject\",\"inLanguage\":\"fr-FR\",\"@id\":\"https:\/\/felinocars.com\/#\/schema\/logo\/image\/\",\"url\":\"https:\/\/felinocars.com\/wp-content\/uploads\/2018\/01\/logo-felino-2018.png\",\"contentUrl\":\"https:\/\/felinocars.com\/wp-content\/uploads\/2018\/01\/logo-felino-2018.png\",\"width\":205,\"height\":65,\"caption\":\"F E L I N O\"},\"image\":{\"@id\":\"https:\/\/felinocars.com\/#\/schema\/logo\/image\/\"}}]}<\/script>\n<!-- \/ Yoast SEO Premium plugin. -->","yoast_head_json":{"title":"Contact - F E L I N O","robots":{"index":"index","follow":"follow","max-snippet":"max-snippet:-1","max-image-preview":"max-image-preview:large","max-video-preview":"max-video-preview:-1"},"canonical":"https:\/\/felinocars.com\/fr\/contact\/","og_locale":"fr_FR","og_type":"article","og_title":"Contact","og_description":"Merci de s\u00e9lectionner la section \u00a0qui vous concerne : Informations g\u00e9n\u00e9rales Informations g\u00e9n\u00e9rales","og_url":"https:\/\/felinocars.com\/fr\/contact\/","og_site_name":"F E L I N O","article_modified_time":"2026-01-16T13:39:40+00:00","twitter_card":"summary_large_image","twitter_misc":{"Dur\u00e9e de lecture estim\u00e9e":"1 minute"},"schema":{"@context":"https:\/\/schema.org","@graph":[{"@type":"WebPage","@id":"https:\/\/felinocars.com\/fr\/contact\/","url":"https:\/\/felinocars.com\/fr\/contact\/","name":"Contact - F E L I N O","isPartOf":{"@id":"https:\/\/felinocars.com\/#website"},"datePublished":"2018-11-23T16:11:13+00:00","dateModified":"2026-01-16T13:39:40+00:00","breadcrumb":{"@id":"https:\/\/felinocars.com\/fr\/contact\/#breadcrumb"},"inLanguage":"fr-FR","potentialAction":[{"@type":"ReadAction","target":["https:\/\/felinocars.com\/fr\/contact\/"]}]},{"@type":"BreadcrumbList","@id":"https:\/\/felinocars.com\/fr\/contact\/#breadcrumb","itemListElement":[{"@type":"ListItem","position":1,"name":"Home","item":"https:\/\/felinocars.com\/fr\/"},{"@type":"ListItem","position":2,"name":"Contact"}]},{"@type":"WebSite","@id":"https:\/\/felinocars.com\/#website","url":"https:\/\/felinocars.com\/","name":"F E L I N O","description":"Felino Cars","publisher":{"@id":"https:\/\/felinocars.com\/#organization"},"potentialAction":[{"@type":"SearchAction","target":{"@type":"EntryPoint","urlTemplate":"https:\/\/felinocars.com\/?s={search_term_string}"},"query-input":"required name=search_term_string"}],"inLanguage":"fr-FR"},{"@type":"Organization","@id":"https:\/\/felinocars.com\/#organization","name":"F E L I N O","url":"https:\/\/felinocars.com\/","logo":{"@type":"ImageObject","inLanguage":"fr-FR","@id":"https:\/\/felinocars.com\/#\/schema\/logo\/image\/","url":"https:\/\/felinocars.com\/wp-content\/uploads\/2018\/01\/logo-felino-2018.png","contentUrl":"https:\/\/felinocars.com\/wp-content\/uploads\/2018\/01\/logo-felino-2018.png","width":205,"height":65,"caption":"F E L I N O"},"image":{"@id":"https:\/\/felinocars.com\/#\/schema\/logo\/image\/"}}]}},"_links":{"self":[{"href":"https:\/\/felinocars.com\/fr\/wp-json\/wp\/v2\/pages\/2816"}],"collection":[{"href":"https:\/\/felinocars.com\/fr\/wp-json\/wp\/v2\/pages"}],"about":[{"href":"https:\/\/felinocars.com\/fr\/wp-json\/wp\/v2\/types\/page"}],"author":[{"embeddable":true,"href":"https:\/\/felinocars.com\/fr\/wp-json\/wp\/v2\/users\/1"}],"replies":[{"embeddable":true,"href":"https:\/\/felinocars.com\/fr\/wp-json\/wp\/v2\/comments?post=2816"}],"version-history":[{"count":18,"href":"https:\/\/felinocars.com\/fr\/wp-json\/wp\/v2\/pages\/2816\/revisions"}],"predecessor-version":[{"id":4638,"href":"https:\/\/felinocars.com\/fr\/wp-json\/wp\/v2\/pages\/2816\/revisions\/4638"}],"wp:attachment":[{"href":"https:\/\/felinocars.com\/fr\/wp-json\/wp\/v2\/media?parent=2816"}],"curies":[{"name":"wp","href":"https:\/\/api.w.org\/{rel}","templated":true}]}}