{"id":2764,"date":"2018-11-22T07:41:06","date_gmt":"2018-11-22T07:41:06","guid":{"rendered":"http:\/\/en.felinocars.com\/expertise\/"},"modified":"2020-02-06T13:33:40","modified_gmt":"2020-02-06T13:33:40","slug":"expertise","status":"publish","type":"page","link":"https:\/\/felinocars.com\/fr\/expertise\/","title":{"rendered":"Expertise"},"content":{"rendered":"\t\t<div data-elementor-type=\"wp-post\" data-elementor-id=\"2764\" class=\"elementor elementor-2764 elementor-2614\" data-elementor-post-type=\"page\">\n\t\t\t\t\t\t\t\t\t<section class=\"elementor-section elementor-top-section elementor-element elementor-element-44de3fcf elementor-section-height-min-height elementor-section-boxed elementor-section-height-default elementor-section-items-middle\" data-id=\"44de3fcf\" data-element_type=\"section\" data-settings=\"{&quot;background_background&quot;:&quot;classic&quot;,&quot;shape_divider_bottom&quot;:&quot;opacity-tilt&quot;}\">\n\t\t\t\t\t\t\t<div class=\"elementor-background-overlay\"><\/div>\n\t\t\t\t\t\t<div class=\"elementor-shape elementor-shape-bottom\" data-negative=\"false\">\n\t\t\t<svg xmlns=\"http:\/\/www.w3.org\/2000\/svg\" viewBox=\"0 0 2600 131.1\" preserveAspectRatio=\"none\">\n\t<path class=\"elementor-shape-fill\" d=\"M0 0L2600 0 2600 69.1 0 0z\"\/>\n\t<path class=\"elementor-shape-fill\" style=\"opacity:0.5\" d=\"M0 0L2600 0 2600 69.1 0 69.1z\"\/>\n\t<path class=\"elementor-shape-fill\" style=\"opacity:0.25\" d=\"M2600 0L0 0 0 130.1 2600 69.1z\"\/>\n<\/svg>\t\t<\/div>\n\t\t\t\t\t<div class=\"elementor-container elementor-column-gap-default\">\n\t\t\t\t\t<div class=\"elementor-column elementor-col-100 elementor-top-column elementor-element elementor-element-12e1c858\" data-id=\"12e1c858\" data-element_type=\"column\">\n\t\t\t<div class=\"elementor-widget-wrap elementor-element-populated\">\n\t\t\t\t\t\t\t\t<div class=\"elementor-element elementor-element-20f54231 elementor-invisible elementor-widget elementor-widget-heading\" data-id=\"20f54231\" data-element_type=\"widget\" data-settings=\"{&quot;motion_fx_motion_fx_scrolling&quot;:&quot;yes&quot;,&quot;motion_fx_translateX_effect&quot;:&quot;yes&quot;,&quot;motion_fx_translateX_direction&quot;:&quot;negative&quot;,&quot;motion_fx_translateX_speed&quot;:{&quot;unit&quot;:&quot;px&quot;,&quot;size&quot;:8,&quot;sizes&quot;:[]},&quot;motion_fx_translateX_affectedRange&quot;:{&quot;unit&quot;:&quot;%&quot;,&quot;size&quot;:&quot;&quot;,&quot;sizes&quot;:{&quot;start&quot;:52,&quot;end&quot;:100}},&quot;_animation&quot;:&quot;slideInLeft&quot;,&quot;motion_fx_devices&quot;:[&quot;desktop&quot;,&quot;tablet&quot;]}\" data-widget_type=\"heading.default\">\n\t\t\t\t<div class=\"elementor-widget-container\">\n\t\t\t<h3 class=\"elementor-heading-title elementor-size-default\">felino cars<\/h3>\t\t<\/div>\n\t\t\t\t<\/div>\n\t\t\t\t<div class=\"elementor-element elementor-element-9c8bd47 elementor-invisible elementor-widget elementor-widget-heading\" data-id=\"9c8bd47\" data-element_type=\"widget\" data-settings=\"{&quot;motion_fx_motion_fx_scrolling&quot;:&quot;yes&quot;,&quot;motion_fx_translateX_effect&quot;:&quot;yes&quot;,&quot;motion_fx_translateX_speed&quot;:{&quot;unit&quot;:&quot;px&quot;,&quot;size&quot;:8.5,&quot;sizes&quot;:[]},&quot;motion_fx_translateX_affectedRange&quot;:{&quot;unit&quot;:&quot;%&quot;,&quot;size&quot;:&quot;&quot;,&quot;sizes&quot;:{&quot;start&quot;:12,&quot;end&quot;:90}},&quot;_animation&quot;:&quot;slideInRight&quot;,&quot;motion_fx_devices&quot;:[&quot;desktop&quot;,&quot;tablet&quot;]}\" data-widget_type=\"heading.default\">\n\t\t\t\t<div class=\"elementor-widget-container\">\n\t\t\t<h1 class=\"elementor-heading-title elementor-size-default\">Expertise<\/h1>\t\t<\/div>\n\t\t\t\t<\/div>\n\t\t\t\t\t<\/div>\n\t\t<\/div>\n\t\t\t\t\t\t\t<\/div>\n\t\t<\/section>\n\t\t\t\t<section class=\"elementor-section elementor-top-section elementor-element elementor-element-7a57944 elementor-section-boxed elementor-section-height-default elementor-section-height-default\" data-id=\"7a57944\" data-element_type=\"section\" data-settings=\"{&quot;background_background&quot;:&quot;classic&quot;}\">\n\t\t\t\t\t\t<div class=\"elementor-container elementor-column-gap-default\">\n\t\t\t\t\t<div class=\"elementor-column elementor-col-100 elementor-top-column elementor-element elementor-element-2c3a0ea\" data-id=\"2c3a0ea\" data-element_type=\"column\">\n\t\t\t<div class=\"elementor-widget-wrap elementor-element-populated\">\n\t\t\t\t\t\t\t\t<div class=\"elementor-element elementor-element-f8ab416 elementor-widget elementor-widget-heading\" data-id=\"f8ab416\" data-element_type=\"widget\" data-widget_type=\"heading.default\">\n\t\t\t\t<div class=\"elementor-widget-container\">\n\t\t\t<h2 class=\"elementor-heading-title elementor-size-default\">Le projet FELINO - Un pilote aux commande<\/h2>\t\t<\/div>\n\t\t\t\t<\/div>\n\t\t\t\t<section class=\"elementor-section elementor-inner-section elementor-element elementor-element-584997d elementor-section-boxed elementor-section-height-default elementor-section-height-default\" data-id=\"584997d\" data-element_type=\"section\">\n\t\t\t\t\t\t<div class=\"elementor-container elementor-column-gap-default\">\n\t\t\t\t\t<div class=\"elementor-column elementor-col-50 elementor-inner-column elementor-element elementor-element-35f7d4c\" data-id=\"35f7d4c\" data-element_type=\"column\">\n\t\t\t<div class=\"elementor-widget-wrap elementor-element-populated\">\n\t\t\t\t\t\t\t\t<div class=\"elementor-element elementor-element-ebff494 elementor-widget elementor-widget-image\" data-id=\"ebff494\" data-element_type=\"widget\" data-widget_type=\"image.default\">\n\t\t\t\t<div class=\"elementor-widget-container\">\n\t\t\t\t\t\t\t\t\t\t\t\t\t\t\t<img loading=\"lazy\" decoding=\"async\" width=\"442\" height=\"483\" src=\"https:\/\/felinocars.com\/wp-content\/uploads\/2019\/01\/expertise1.jpg\" class=\"attachment-large size-large wp-image-3515\" alt=\"\" srcset=\"https:\/\/felinocars.com\/wp-content\/uploads\/2019\/01\/expertise1.jpg 442w, https:\/\/felinocars.com\/wp-content\/uploads\/2019\/01\/expertise1-275x300.jpg 275w\" sizes=\"(max-width: 442px) 100vw, 442px\" \/>\t\t\t\t\t\t\t\t\t\t\t\t\t\t\t<\/div>\n\t\t\t\t<\/div>\n\t\t\t\t\t<\/div>\n\t\t<\/div>\n\t\t\t\t<div class=\"elementor-column elementor-col-50 elementor-inner-column elementor-element elementor-element-f8ed8bb\" data-id=\"f8ed8bb\" data-element_type=\"column\">\n\t\t\t<div class=\"elementor-widget-wrap elementor-element-populated\">\n\t\t\t\t\t\t\t\t<div class=\"elementor-element elementor-element-55cd179 elementor-widget elementor-widget-text-editor\" data-id=\"55cd179\" data-element_type=\"widget\" data-widget_type=\"text-editor.default\">\n\t\t\t\t<div class=\"elementor-widget-container\">\n\t\t\t\t\t\t\t<p>Nomm\u00e9 champion Canadien en 2005 par ASN CANADA FIA et passionn\u00e9 par les technologies automobiles de pointe, le pilote de circuit Antoine Bessette entreprend en 2010, apr\u00e8s une carri\u00e8re internationale de pilote automobile, la conception d\u2019un supercar de haut calibre capable de faire vivre aux passionn\u00e9s avertis et amateurs de sensations fortes une exp\u00e9rience de conduite se rapprochant de celle des pilotes de voitures de type \u00ab Formule \u00bb.<\/p>\n<p>Un pari r\u00e9ussi apr\u00e8s trois ann\u00e9es de recherche et de d\u00e9veloppement, avec la sortie en 2012 et en 2014 des deux premi\u00e8res g\u00e9n\u00e9rations (version piste) de la FELINO cB7. Afin de recr\u00e9er \u00ab le Frisson Grand Prix \u00bb, les voitures ont \u00e9t\u00e9 test\u00e9es, entre autres, sur le circuit Gilles Villeneuve \u00e0 Montr\u00e9al et dans la Vall\u00e9e de l\u2019Okanagan, en Colombie-Britannique sur le prestigieux circuit Area 27. Ces prototypes ont permis d\u2019aboutir \u00e0 la version finale de la cB7 de piste vendue et livr\u00e9e en 2017.<\/p>\n<p>En 2018 et 2019, FELINO compl\u00e8te sa gamme de cB7 en mettant au point une nouvelle version de route, la <var>cB7<sup>R<\/sup><\/var> de 700 ch.<\/p>\n\t\t\t\t\t\t<\/div>\n\t\t\t\t<\/div>\n\t\t\t\t\t<\/div>\n\t\t<\/div>\n\t\t\t\t\t\t\t<\/div>\n\t\t<\/section>\n\t\t\t\t\t<\/div>\n\t\t<\/div>\n\t\t\t\t\t\t\t<\/div>\n\t\t<\/section>\n\t\t\t\t<section class=\"elementor-section elementor-top-section elementor-element elementor-element-4791552 elementor-section-boxed elementor-section-height-default elementor-section-height-default\" data-id=\"4791552\" data-element_type=\"section\" data-settings=\"{&quot;background_background&quot;:&quot;classic&quot;}\">\n\t\t\t\t\t\t\t<div class=\"elementor-background-overlay\"><\/div>\n\t\t\t\t\t\t\t<div class=\"elementor-container elementor-column-gap-default\">\n\t\t\t\t\t<div class=\"elementor-column elementor-col-100 elementor-top-column elementor-element elementor-element-815f52b\" data-id=\"815f52b\" data-element_type=\"column\">\n\t\t\t<div class=\"elementor-widget-wrap elementor-element-populated\">\n\t\t\t\t\t\t\t\t<div class=\"elementor-element elementor-element-c9b922d elementor-widget elementor-widget-heading\" data-id=\"c9b922d\" data-element_type=\"widget\" data-widget_type=\"heading.default\">\n\t\t\t\t<div class=\"elementor-widget-container\">\n\t\t\t<h2 class=\"elementor-heading-title elementor-size-default\">L\u2019\u00c9QUIPE<\/h2>\t\t<\/div>\n\t\t\t\t<\/div>\n\t\t\t\t<section class=\"elementor-section elementor-inner-section elementor-element elementor-element-57a561e elementor-section-boxed elementor-section-height-default elementor-section-height-default\" data-id=\"57a561e\" data-element_type=\"section\">\n\t\t\t\t\t\t<div class=\"elementor-container elementor-column-gap-wide\">\n\t\t\t\t\t<div class=\"elementor-column elementor-col-50 elementor-inner-column elementor-element elementor-element-6932e5f\" data-id=\"6932e5f\" data-element_type=\"column\">\n\t\t\t<div class=\"elementor-widget-wrap elementor-element-populated\">\n\t\t\t\t\t\t\t\t<div class=\"elementor-element elementor-element-bee2d7e elementor-widget elementor-widget-text-editor\" data-id=\"bee2d7e\" data-element_type=\"widget\" data-widget_type=\"text-editor.default\">\n\t\t\t\t<div class=\"elementor-widget-container\">\n\t\t\t\t\t\t\t<p>Le succ\u00e8s de FELINO repose sur une \u00e9quipe de professionnels comp\u00e9tents soigneusement s\u00e9lectionn\u00e9s. Chacun poss\u00e8de plusieurs ann\u00e9es d\u2019exp\u00e9rience dans l\u2019industrie des sports motoris\u00e9s. Ils \u00e9voluent dans diff\u00e9rents domaines tels que le design, l\u2019ing\u00e9nierie, l\u2019\u00e9lectronique, l\u2019assemblage, la m\u00e9canique structurelle, la fabrication de carrosserie en fibre de carbone, etc\u2026<\/p>\n<p>Le savoir-faire et le d\u00e9vouement de chaque membre de l\u2019\u00e9quipe assure une production de haute qualit\u00e9. La passion qui les rassemble cr\u00e9e une v\u00e9ritable synergie qui favorise le d\u00e9veloppement des mod\u00e8les FELINO.<\/p>\n\t\t\t\t\t\t<\/div>\n\t\t\t\t<\/div>\n\t\t\t\t\t<\/div>\n\t\t<\/div>\n\t\t\t\t<div class=\"elementor-column elementor-col-50 elementor-inner-column elementor-element elementor-element-f5a4115\" data-id=\"f5a4115\" data-element_type=\"column\" data-settings=\"{&quot;background_background&quot;:&quot;classic&quot;}\">\n\t\t\t<div class=\"elementor-widget-wrap elementor-element-populated\">\n\t\t\t\t\t\t\t\t<div class=\"elementor-element elementor-element-98ab57a elementor-widget elementor-widget-image\" data-id=\"98ab57a\" data-element_type=\"widget\" data-widget_type=\"image.default\">\n\t\t\t\t<div class=\"elementor-widget-container\">\n\t\t\t\t\t\t\t\t\t\t\t\t\t\t\t<img loading=\"lazy\" decoding=\"async\" width=\"775\" height=\"789\" src=\"https:\/\/felinocars.com\/wp-content\/uploads\/2019\/01\/expertise2.jpg\" class=\"attachment-large size-large wp-image-3517\" alt=\"\" srcset=\"https:\/\/felinocars.com\/wp-content\/uploads\/2019\/01\/expertise2.jpg 775w, https:\/\/felinocars.com\/wp-content\/uploads\/2019\/01\/expertise2-295x300.jpg 295w, https:\/\/felinocars.com\/wp-content\/uploads\/2019\/01\/expertise2-768x782.jpg 768w\" sizes=\"(max-width: 775px) 100vw, 775px\" \/>\t\t\t\t\t\t\t\t\t\t\t\t\t\t\t<\/div>\n\t\t\t\t<\/div>\n\t\t\t\t\t<\/div>\n\t\t<\/div>\n\t\t\t\t\t\t\t<\/div>\n\t\t<\/section>\n\t\t\t\t\t<\/div>\n\t\t<\/div>\n\t\t\t\t\t\t\t<\/div>\n\t\t<\/section>\n\t\t\t\t<section class=\"elementor-section elementor-top-section elementor-element elementor-element-56d3e8a elementor-section-stretched elementor-section-full_width elementor-section-height-default elementor-section-height-default\" data-id=\"56d3e8a\" data-element_type=\"section\" data-settings=\"{&quot;stretch_section&quot;:&quot;section-stretched&quot;,&quot;background_background&quot;:&quot;classic&quot;}\">\n\t\t\t\t\t\t\t<div class=\"elementor-background-overlay\"><\/div>\n\t\t\t\t\t\t\t<div class=\"elementor-container elementor-column-gap-default\">\n\t\t\t\t\t<div class=\"elementor-column elementor-col-100 elementor-top-column elementor-element elementor-element-bf6ea3c\" data-id=\"bf6ea3c\" data-element_type=\"column\">\n\t\t\t<div class=\"elementor-widget-wrap elementor-element-populated\">\n\t\t\t\t\t\t\t\t<div class=\"elementor-element elementor-element-18c1119 elementor-skin-carousel elementor-pagination-type-bullets elementor-pagination-position-outside elementor-widget elementor-widget-media-carousel\" data-id=\"18c1119\" data-element_type=\"widget\" data-settings=\"{&quot;skin&quot;:&quot;carousel&quot;,&quot;effect&quot;:&quot;slide&quot;,&quot;pagination&quot;:&quot;bullets&quot;,&quot;speed&quot;:500,&quot;autoplay&quot;:&quot;yes&quot;,&quot;autoplay_speed&quot;:5000,&quot;loop&quot;:&quot;yes&quot;,&quot;pause_on_hover&quot;:&quot;yes&quot;,&quot;space_between&quot;:{&quot;unit&quot;:&quot;px&quot;,&quot;size&quot;:10,&quot;sizes&quot;:[]},&quot;space_between_tablet&quot;:{&quot;unit&quot;:&quot;px&quot;,&quot;size&quot;:10,&quot;sizes&quot;:[]},&quot;space_between_mobile&quot;:{&quot;unit&quot;:&quot;px&quot;,&quot;size&quot;:10,&quot;sizes&quot;:[]}}\" data-widget_type=\"media-carousel.default\">\n\t\t\t\t<div class=\"elementor-widget-container\">\n\t\t\t\t\t<div class=\"elementor-swiper\">\n\t\t\t<div class=\"elementor-main-swiper swiper-container\">\n\t\t\t\t<div class=\"swiper-wrapper\">\n\t\t\t\t\t\t\t\t\t\t\t<div class=\"swiper-slide\">\n\t\t\t\t\t\t\t<a href=\"https:\/\/felinocars.com\/wp-content\/uploads\/2015\/05\/equipe-02.jpg\" data-elementor-open-lightbox=\"yes\" data-elementor-lightbox-slideshow=\"18c1119\" data-e-action-hash=\"#elementor-action%3Aaction%3Dlightbox%26settings%3DeyJpZCI6MTA2NCwidXJsIjoiaHR0cHM6XC9cL2ZlbGlub2NhcnMuY29tXC93cC1jb250ZW50XC91cGxvYWRzXC8yMDE1XC8wNVwvZXF1aXBlLTAyLmpwZyIsInNsaWRlc2hvdyI6IjE4YzExMTkifQ%3D%3D\">\t\t<div class=\"elementor-carousel-image\" role=\"img\" aria-label=\"\" style=\"background-image: url(&#039;https:\/\/felinocars.com\/wp-content\/uploads\/2015\/05\/equipe-02.jpg&#039;)\">\n\n\t\t\t\n\t\t\t\t\t<\/div>\n\t\t<\/a>\t\t\t\t\t\t<\/div>\n\t\t\t\t\t\t\t\t\t\t\t<div class=\"swiper-slide\">\n\t\t\t\t\t\t\t<a href=\"https:\/\/felinocars.com\/wp-content\/uploads\/2018\/11\/10-400x153.jpg\" data-elementor-open-lightbox=\"yes\" data-elementor-lightbox-slideshow=\"18c1119\" data-elementor-lightbox-title=\"10-400x153\" data-e-action-hash=\"#elementor-action%3Aaction%3Dlightbox%26settings%3DeyJpZCI6MjYyMSwidXJsIjoiaHR0cHM6XC9cL2ZlbGlub2NhcnMuY29tXC93cC1jb250ZW50XC91cGxvYWRzXC8yMDE4XC8xMVwvMTAtNDAweDE1My5qcGciLCJzbGlkZXNob3ciOiIxOGMxMTE5In0%3D\">\t\t<div class=\"elementor-carousel-image\" role=\"img\" aria-label=\"10-400x153\" style=\"background-image: url(&#039;https:\/\/felinocars.com\/wp-content\/uploads\/2018\/11\/10-400x153.jpg&#039;)\">\n\n\t\t\t\n\t\t\t\t\t<\/div>\n\t\t<\/a>\t\t\t\t\t\t<\/div>\n\t\t\t\t\t\t\t\t\t\t\t<div class=\"swiper-slide\">\n\t\t\t\t\t\t\t<a href=\"https:\/\/felinocars.com\/wp-content\/uploads\/2015\/05\/equipe-01.jpg\" data-elementor-open-lightbox=\"yes\" data-elementor-lightbox-slideshow=\"18c1119\" data-elementor-lightbox-title=\"equipe-01\" data-e-action-hash=\"#elementor-action%3Aaction%3Dlightbox%26settings%3DeyJpZCI6MTA2MywidXJsIjoiaHR0cHM6XC9cL2ZlbGlub2NhcnMuY29tXC93cC1jb250ZW50XC91cGxvYWRzXC8yMDE1XC8wNVwvZXF1aXBlLTAxLmpwZyIsInNsaWRlc2hvdyI6IjE4YzExMTkifQ%3D%3D\">\t\t<div class=\"elementor-carousel-image\" role=\"img\" aria-label=\"equipe-01\" style=\"background-image: url(&#039;https:\/\/felinocars.com\/wp-content\/uploads\/2015\/05\/equipe-01.jpg&#039;)\">\n\n\t\t\t\n\t\t\t\t\t<\/div>\n\t\t<\/a>\t\t\t\t\t\t<\/div>\n\t\t\t\t\t\t\t\t\t<\/div>\n\t\t\t\t\t\t\t\t\t\t\t\t\t\t\t<div class=\"swiper-pagination\"><\/div>\n\t\t\t\t\t\t\t\t\t\t\t\t\t\t\t\t\t<\/div>\n\t\t<\/div>\n\t\t\t\t<\/div>\n\t\t\t\t<\/div>\n\t\t\t\t\t<\/div>\n\t\t<\/div>\n\t\t\t\t\t\t\t<\/div>\n\t\t<\/section>\n\t\t\t\t\t\t\t<\/div>\n\t\t","protected":false},"excerpt":{"rendered":"<p>felino cars Expertise Le projet FELINO &#8211; Un pilote aux commande Nomm\u00e9 champion Canadien en 2005 par ASN CANADA FIA et passionn\u00e9 par les technologies automobiles de pointe, le pilote de circuit Antoine Bessette entreprend en 2010, apr\u00e8s une carri\u00e8re internationale de pilote automobile, la conception d\u2019un supercar de haut calibre capable de faire vivre [&hellip;]<\/p>\n","protected":false},"author":1,"featured_media":0,"parent":0,"menu_order":0,"comment_status":"closed","ping_status":"closed","template":"","meta":{"_mi_skip_tracking":false,"_exactmetrics_sitenote_active":false,"_exactmetrics_sitenote_note":"","_exactmetrics_sitenote_category":0,"footnotes":""},"yoast_head":"<!-- This site is optimized with the Yoast SEO Premium plugin v19.6 (Yoast SEO v21.6) - https:\/\/yoast.com\/wordpress\/plugins\/seo\/ -->\n<title>Qui est derri\u00e8re Felino Cars - F E L I N O<\/title>\n<meta name=\"description\" content=\"Antoine Bessette entreprend en 2010 la conception d\u2019un supercar de haut calibre capable de faire vivre aux passionn\u00e9s avertis et amateurs de sensations fortes une exp\u00e9rience de conduite se rapprochant de celle des pilotes de voitures de type \u00ab Formule \u00bb.\" \/>\n<meta name=\"robots\" content=\"index, follow, max-snippet:-1, max-image-preview:large, max-video-preview:-1\" \/>\n<link rel=\"canonical\" href=\"https:\/\/felinocars.com\/fr\/expertise\/\" \/>\n<meta property=\"og:locale\" content=\"fr_FR\" \/>\n<meta property=\"og:type\" content=\"article\" \/>\n<meta property=\"og:title\" content=\"Expertise\" \/>\n<meta property=\"og:description\" content=\"Antoine Bessette entreprend en 2010 la conception d\u2019un supercar de haut calibre capable de faire vivre aux passionn\u00e9s avertis et amateurs de sensations fortes une exp\u00e9rience de conduite se rapprochant de celle des pilotes de voitures de type \u00ab Formule \u00bb.\" \/>\n<meta property=\"og:url\" content=\"https:\/\/felinocars.com\/fr\/expertise\/\" \/>\n<meta property=\"og:site_name\" content=\"F E L I N O\" \/>\n<meta property=\"article:modified_time\" content=\"2020-02-06T13:33:40+00:00\" \/>\n<meta property=\"og:image\" content=\"https:\/\/felinocars.com\/wp-content\/uploads\/2019\/01\/expertise1.jpg\" \/>\n<meta name=\"twitter:card\" content=\"summary_large_image\" \/>\n<meta name=\"twitter:label1\" content=\"Dur\u00e9e de lecture estim\u00e9e\" \/>\n\t<meta name=\"twitter:data1\" content=\"1 minute\" \/>\n<script type=\"application\/ld+json\" class=\"yoast-schema-graph\">{\"@context\":\"https:\/\/schema.org\",\"@graph\":[{\"@type\":\"WebPage\",\"@id\":\"https:\/\/felinocars.com\/fr\/expertise\/\",\"url\":\"https:\/\/felinocars.com\/fr\/expertise\/\",\"name\":\"Qui est derri\u00e8re Felino Cars - F E L I N O\",\"isPartOf\":{\"@id\":\"https:\/\/felinocars.com\/#website\"},\"datePublished\":\"2018-11-22T07:41:06+00:00\",\"dateModified\":\"2020-02-06T13:33:40+00:00\",\"description\":\"Antoine Bessette entreprend en 2010 la conception d\u2019un supercar de haut calibre capable de faire vivre aux passionn\u00e9s avertis et amateurs de sensations fortes une exp\u00e9rience de conduite se rapprochant de celle des pilotes de voitures de type \u00ab Formule \u00bb.\",\"breadcrumb\":{\"@id\":\"https:\/\/felinocars.com\/fr\/expertise\/#breadcrumb\"},\"inLanguage\":\"fr-FR\",\"potentialAction\":[{\"@type\":\"ReadAction\",\"target\":[\"https:\/\/felinocars.com\/fr\/expertise\/\"]}]},{\"@type\":\"BreadcrumbList\",\"@id\":\"https:\/\/felinocars.com\/fr\/expertise\/#breadcrumb\",\"itemListElement\":[{\"@type\":\"ListItem\",\"position\":1,\"name\":\"Home\",\"item\":\"https:\/\/felinocars.com\/fr\/\"},{\"@type\":\"ListItem\",\"position\":2,\"name\":\"Expertise\"}]},{\"@type\":\"WebSite\",\"@id\":\"https:\/\/felinocars.com\/#website\",\"url\":\"https:\/\/felinocars.com\/\",\"name\":\"F E L I N O\",\"description\":\"Felino Cars\",\"publisher\":{\"@id\":\"https:\/\/felinocars.com\/#organization\"},\"potentialAction\":[{\"@type\":\"SearchAction\",\"target\":{\"@type\":\"EntryPoint\",\"urlTemplate\":\"https:\/\/felinocars.com\/?s={search_term_string}\"},\"query-input\":\"required name=search_term_string\"}],\"inLanguage\":\"fr-FR\"},{\"@type\":\"Organization\",\"@id\":\"https:\/\/felinocars.com\/#organization\",\"name\":\"F E L I N O\",\"url\":\"https:\/\/felinocars.com\/\",\"logo\":{\"@type\":\"ImageObject\",\"inLanguage\":\"fr-FR\",\"@id\":\"https:\/\/felinocars.com\/#\/schema\/logo\/image\/\",\"url\":\"https:\/\/felinocars.com\/wp-content\/uploads\/2018\/01\/logo-felino-2018.png\",\"contentUrl\":\"https:\/\/felinocars.com\/wp-content\/uploads\/2018\/01\/logo-felino-2018.png\",\"width\":205,\"height\":65,\"caption\":\"F E L I N O\"},\"image\":{\"@id\":\"https:\/\/felinocars.com\/#\/schema\/logo\/image\/\"}}]}<\/script>\n<!-- \/ Yoast SEO Premium plugin. -->","yoast_head_json":{"title":"Qui est derri\u00e8re Felino Cars - F E L I N O","description":"Antoine Bessette entreprend en 2010 la conception d\u2019un supercar de haut calibre capable de faire vivre aux passionn\u00e9s avertis et amateurs de sensations fortes une exp\u00e9rience de conduite se rapprochant de celle des pilotes de voitures de type \u00ab Formule \u00bb.","robots":{"index":"index","follow":"follow","max-snippet":"max-snippet:-1","max-image-preview":"max-image-preview:large","max-video-preview":"max-video-preview:-1"},"canonical":"https:\/\/felinocars.com\/fr\/expertise\/","og_locale":"fr_FR","og_type":"article","og_title":"Expertise","og_description":"Antoine Bessette entreprend en 2010 la conception d\u2019un supercar de haut calibre capable de faire vivre aux passionn\u00e9s avertis et amateurs de sensations fortes une exp\u00e9rience de conduite se rapprochant de celle des pilotes de voitures de type \u00ab Formule \u00bb.","og_url":"https:\/\/felinocars.com\/fr\/expertise\/","og_site_name":"F E L I N O","article_modified_time":"2020-02-06T13:33:40+00:00","og_image":[{"url":"https:\/\/felinocars.com\/wp-content\/uploads\/2019\/01\/expertise1.jpg"}],"twitter_card":"summary_large_image","twitter_misc":{"Dur\u00e9e de lecture estim\u00e9e":"1 minute"},"schema":{"@context":"https:\/\/schema.org","@graph":[{"@type":"WebPage","@id":"https:\/\/felinocars.com\/fr\/expertise\/","url":"https:\/\/felinocars.com\/fr\/expertise\/","name":"Qui est derri\u00e8re Felino Cars - F E L I N O","isPartOf":{"@id":"https:\/\/felinocars.com\/#website"},"datePublished":"2018-11-22T07:41:06+00:00","dateModified":"2020-02-06T13:33:40+00:00","description":"Antoine Bessette entreprend en 2010 la conception d\u2019un supercar de haut calibre capable de faire vivre aux passionn\u00e9s avertis et amateurs de sensations fortes une exp\u00e9rience de conduite se rapprochant de celle des pilotes de voitures de type \u00ab Formule \u00bb.","breadcrumb":{"@id":"https:\/\/felinocars.com\/fr\/expertise\/#breadcrumb"},"inLanguage":"fr-FR","potentialAction":[{"@type":"ReadAction","target":["https:\/\/felinocars.com\/fr\/expertise\/"]}]},{"@type":"BreadcrumbList","@id":"https:\/\/felinocars.com\/fr\/expertise\/#breadcrumb","itemListElement":[{"@type":"ListItem","position":1,"name":"Home","item":"https:\/\/felinocars.com\/fr\/"},{"@type":"ListItem","position":2,"name":"Expertise"}]},{"@type":"WebSite","@id":"https:\/\/felinocars.com\/#website","url":"https:\/\/felinocars.com\/","name":"F E L I N O","description":"Felino Cars","publisher":{"@id":"https:\/\/felinocars.com\/#organization"},"potentialAction":[{"@type":"SearchAction","target":{"@type":"EntryPoint","urlTemplate":"https:\/\/felinocars.com\/?s={search_term_string}"},"query-input":"required name=search_term_string"}],"inLanguage":"fr-FR"},{"@type":"Organization","@id":"https:\/\/felinocars.com\/#organization","name":"F E L I N O","url":"https:\/\/felinocars.com\/","logo":{"@type":"ImageObject","inLanguage":"fr-FR","@id":"https:\/\/felinocars.com\/#\/schema\/logo\/image\/","url":"https:\/\/felinocars.com\/wp-content\/uploads\/2018\/01\/logo-felino-2018.png","contentUrl":"https:\/\/felinocars.com\/wp-content\/uploads\/2018\/01\/logo-felino-2018.png","width":205,"height":65,"caption":"F E L I N O"},"image":{"@id":"https:\/\/felinocars.com\/#\/schema\/logo\/image\/"}}]}},"_links":{"self":[{"href":"https:\/\/felinocars.com\/fr\/wp-json\/wp\/v2\/pages\/2764"}],"collection":[{"href":"https:\/\/felinocars.com\/fr\/wp-json\/wp\/v2\/pages"}],"about":[{"href":"https:\/\/felinocars.com\/fr\/wp-json\/wp\/v2\/types\/page"}],"author":[{"embeddable":true,"href":"https:\/\/felinocars.com\/fr\/wp-json\/wp\/v2\/users\/1"}],"replies":[{"embeddable":true,"href":"https:\/\/felinocars.com\/fr\/wp-json\/wp\/v2\/comments?post=2764"}],"version-history":[{"count":20,"href":"https:\/\/felinocars.com\/fr\/wp-json\/wp\/v2\/pages\/2764\/revisions"}],"predecessor-version":[{"id":4040,"href":"https:\/\/felinocars.com\/fr\/wp-json\/wp\/v2\/pages\/2764\/revisions\/4040"}],"wp:attachment":[{"href":"https:\/\/felinocars.com\/fr\/wp-json\/wp\/v2\/media?parent=2764"}],"curies":[{"name":"wp","href":"https:\/\/api.w.org\/{rel}","templated":true}]}}